{"id":69,"date":"2025-02-20T15:31:28","date_gmt":"2025-02-20T14:31:28","guid":{"rendered":"http:\/\/echodesmots\/?page_id=69"},"modified":"2026-04-07T13:59:25","modified_gmt":"2026-04-07T11:59:25","slug":"infos","status":"publish","type":"page","link":"https:\/\/festivalechodesmots.fr\/index.php\/infos\/","title":{"rendered":"Infos"},"content":{"rendered":"\t\t<div data-elementor-type=\"wp-page\" data-elementor-id=\"69\" class=\"elementor elementor-69\">\n\t\t\t\t<div class=\"elementor-element elementor-element-ba9afaa e-flex e-con-boxed e-con e-parent\" data-id=\"ba9afaa\" data-element_type=\"container\" data-e-type=\"container\">\n\t\t\t\t\t<div class=\"e-con-inner\">\n\t\t\t\t<div class=\"elementor-element elementor-element-8947bfb elementor-widget elementor-widget-spacer\" data-id=\"8947bfb\" data-element_type=\"widget\" data-e-type=\"widget\" data-widget_type=\"spacer.default\">\n\t\t\t\t<div class=\"elementor-widget-container\">\n\t\t\t\t\t\t\t<div class=\"elementor-spacer\">\n\t\t\t<div class=\"elementor-spacer-inner\"><\/div>\n\t\t<\/div>\n\t\t\t\t\t\t<\/div>\n\t\t\t\t<\/div>\n\t\t\t\t<div class=\"elementor-element elementor-element-bdbd939 elementor-widget elementor-widget-heading\" data-id=\"bdbd939\" data-element_type=\"widget\" data-e-type=\"widget\" data-widget_type=\"heading.default\">\n\t\t\t\t<div class=\"elementor-widget-container\">\n\t\t\t\t\t<h1 class=\"elementor-heading-title elementor-size-default\">R\u00e9servez vos billets* \u00e0 partir du 12 Juillet<\/h1>\t\t\t\t<\/div>\n\t\t\t\t<\/div>\n\t\t\t\t<div class=\"elementor-element elementor-element-db88151 elementor-widget elementor-widget-spacer\" data-id=\"db88151\" data-element_type=\"widget\" data-e-type=\"widget\" data-widget_type=\"spacer.default\">\n\t\t\t\t<div class=\"elementor-widget-container\">\n\t\t\t\t\t\t\t<div class=\"elementor-spacer\">\n\t\t\t<div class=\"elementor-spacer-inner\"><\/div>\n\t\t<\/div>\n\t\t\t\t\t\t<\/div>\n\t\t\t\t<\/div>\n\t\t\t\t<div class=\"elementor-element elementor-element-1814141 elementor-align-center elementor-widget elementor-widget-button\" data-id=\"1814141\" data-element_type=\"widget\" data-e-type=\"widget\" data-widget_type=\"button.default\">\n\t\t\t\t<div class=\"elementor-widget-container\">\n\t\t\t\t\t\t\t\t\t<div class=\"elementor-button-wrapper\">\n\t\t\t\t\t<a class=\"elementor-button elementor-button-link elementor-size-sm\" href=\"https:\/\/www.vostickets.net\/billet\/FR\/catalogue-ST_JEAN_ST_NICOLAS.wb?REFID=ETUvAAAAAADRAA\">\n\t\t\t\t\t\t<span class=\"elementor-button-content-wrapper\">\n\t\t\t\t\t\t<span class=\"elementor-button-icon\">\n\t\t\t\t<svg aria-hidden=\"true\" class=\"e-font-icon-svg e-fas-ticket-alt\" viewBox=\"0 0 576 512\" xmlns=\"http:\/\/www.w3.org\/2000\/svg\"><path d=\"M128 160h320v192H128V160zm400 96c0 26.51 21.49 48 48 48v96c0 26.51-21.49 48-48 48H48c-26.51 0-48-21.49-48-48v-96c26.51 0 48-21.49 48-48s-21.49-48-48-48v-96c0-26.51 21.49-48 48-48h480c26.51 0 48 21.49 48 48v96c-26.51 0-48 21.49-48 48zm-48-104c0-13.255-10.745-24-24-24H120c-13.255 0-24 10.745-24 24v208c0 13.255 10.745 24 24 24h336c13.255 0 24-10.745 24-24V152z\"><\/path><\/svg>\t\t\t<\/span>\n\t\t\t\t\t\t\t\t\t<span class=\"elementor-button-text\">Billetterie en ligne<\/span>\n\t\t\t\t\t<\/span>\n\t\t\t\t\t<\/a>\n\t\t\t\t<\/div>\n\t\t\t\t\t\t\t\t<\/div>\n\t\t\t\t<\/div>\n\t\t\t\t<div class=\"elementor-element elementor-element-d0aa214 elementor-widget elementor-widget-spacer\" data-id=\"d0aa214\" data-element_type=\"widget\" data-e-type=\"widget\" data-widget_type=\"spacer.default\">\n\t\t\t\t<div class=\"elementor-widget-container\">\n\t\t\t\t\t\t\t<div class=\"elementor-spacer\">\n\t\t\t<div class=\"elementor-spacer-inner\"><\/div>\n\t\t<\/div>\n\t\t\t\t\t\t<\/div>\n\t\t\t\t<\/div>\n\t\t\t\t\t<\/div>\n\t\t\t\t<\/div>\n\t\t<div class=\"elementor-element elementor-element-df441bc e-flex e-con-boxed e-con e-parent\" data-id=\"df441bc\" data-element_type=\"container\" data-e-type=\"container\">\n\t\t\t\t\t<div class=\"e-con-inner\">\n\t\t\t\t<div class=\"elementor-element elementor-element-9044788 elementor-widget elementor-widget-heading\" data-id=\"9044788\" data-element_type=\"widget\" data-e-type=\"widget\" data-widget_type=\"heading.default\">\n\t\t\t\t<div class=\"elementor-widget-container\">\n\t\t\t\t\t<h2 class=\"elementor-heading-title elementor-size-default\">PENDANT LE FESTIVAL<\/h2>\t\t\t\t<\/div>\n\t\t\t\t<\/div>\n\t\t\t\t<div class=\"elementor-element elementor-element-b8390f0 elementor-widget elementor-widget-text-editor\" data-id=\"b8390f0\" data-element_type=\"widget\" data-e-type=\"widget\" data-widget_type=\"text-editor.default\">\n\t\t\t\t<div class=\"elementor-widget-container\">\n\t\t\t\t\t\t\t\t\t<p>Les billets encore disponibles seront en vente au point info\/billetterie de 9h \u00e0 20h30 (et jusqu\u2019\u00e0 1\/2h avant le d\u00e9but du spectacle).<\/p>\t\t\t\t\t\t\t\t<\/div>\n\t\t\t\t<\/div>\n\t\t<div class=\"elementor-element elementor-element-8c50896 e-grid e-con-full e-con e-child\" data-id=\"8c50896\" data-element_type=\"container\" data-e-type=\"container\">\n\t\t\t\t<div class=\"elementor-element elementor-element-9346827 elementor-widget elementor-widget-image\" data-id=\"9346827\" data-element_type=\"widget\" data-e-type=\"widget\" data-widget_type=\"image.default\">\n\t\t\t\t<div class=\"elementor-widget-container\">\n\t\t\t\t\t\t\t\t\t\t\t\t\t\t\t<img decoding=\"async\" src=\"https:\/\/festivalechodesmots.fr\/wp-content\/uploads\/elementor\/thumbs\/Logo_CB-1-768x377-1-r5qsixaozbjmwb2a3ddiw7efaym8aykqso7lrvm76k.png\" title=\"Logo_CB-1-768&#215;377\" alt=\"Logo_CB-1-768x377\" loading=\"lazy\" \/>\t\t\t\t\t\t\t\t\t\t\t\t\t\t\t<\/div>\n\t\t\t\t<\/div>\n\t\t\t\t<\/div>\n\t\t\t\t<div class=\"elementor-element elementor-element-90e4096 elementor-widget elementor-widget-text-editor\" data-id=\"90e4096\" data-element_type=\"widget\" data-e-type=\"widget\" data-widget_type=\"text-editor.default\">\n\t\t\t\t<div class=\"elementor-widget-container\">\n\t\t\t\t\t\t\t\t\t<p>Pour l&rsquo;acc\u00e8s aux spectacles :<\/p><ul><li>Se pr\u00e9senter 15\u2019 avant le d\u00e9but des spectacles (attention\u00a0: pr\u00e9voir le temps de trajet entre les diff\u00e9rents lieux du festival, notamment pour la Sc\u00e8ne Clairi\u00e8re).<\/li><li>Pour le confort de tous et dans l\u2019int\u00e9r\u00eat de vos enfants, nous vous remercions de respecter l\u2019\u00e2ge minimum pr\u00e9conis\u00e9 pour chaque spectacle.<\/li><li>Les spectacles commencent \u00e0 l\u2019heure indiqu\u00e9e. Aucune entr\u00e9e n\u2019est tol\u00e9r\u00e9e apr\u00e8s le lancement et aucun remboursement ne sera effectu\u00e9 en cas de retard.<\/li><li>Penser \u00e0 la plan\u00e8te ! Pr\u00e9senter vos e-billets sur smartphone.<\/li><\/ul>\t\t\t\t\t\t\t\t<\/div>\n\t\t\t\t<\/div>\n\t\t\t\t<div class=\"elementor-element elementor-element-6e56c96 elementor-widget elementor-widget-text-editor\" data-id=\"6e56c96\" data-element_type=\"widget\" data-e-type=\"widget\" data-widget_type=\"text-editor.default\">\n\t\t\t\t<div class=\"elementor-widget-container\">\n\t\t\t\t\t\t\t\t\t<p>*Aucun remboursement ni \u00e9change<\/p>\t\t\t\t\t\t\t\t<\/div>\n\t\t\t\t<\/div>\n\t\t\t\t<div class=\"elementor-element elementor-element-563e523 elementor-widget elementor-widget-spacer\" data-id=\"563e523\" data-element_type=\"widget\" data-e-type=\"widget\" data-widget_type=\"spacer.default\">\n\t\t\t\t<div class=\"elementor-widget-container\">\n\t\t\t\t\t\t\t<div class=\"elementor-spacer\">\n\t\t\t<div class=\"elementor-spacer-inner\"><\/div>\n\t\t<\/div>\n\t\t\t\t\t\t<\/div>\n\t\t\t\t<\/div>\n\t\t\t\t<div class=\"elementor-element elementor-element-8105c90 elementor-widget elementor-widget-heading\" data-id=\"8105c90\" data-element_type=\"widget\" data-e-type=\"widget\" data-widget_type=\"heading.default\">\n\t\t\t\t<div class=\"elementor-widget-container\">\n\t\t\t\t\t<h2 class=\"elementor-heading-title elementor-size-default\">Nouveaut\u00e9 cette ann\u00e9e : La Boutique du Festival<\/h2>\t\t\t\t<\/div>\n\t\t\t\t<\/div>\n\t\t\t\t<div class=\"elementor-element elementor-element-993d73c elementor-widget elementor-widget-text-editor\" data-id=\"993d73c\" data-element_type=\"widget\" data-e-type=\"widget\" data-widget_type=\"text-editor.default\">\n\t\t\t\t<div class=\"elementor-widget-container\">\n\t\t\t\t\t\t\t\t\t<p>Retrouvez notre boutique aux couleurs du festival, au point info\/billetterie !<\/p><p>Envie de repartir avec un souvenir, de marquer le coup, ou juste de vous faire plaisir ? Vous pourrez d\u00e9couvrir nos <strong>goodies en s\u00e9rie limit\u00e9e<\/strong>\u00a0:<br \/>\ud83d\udc55 T-shirts enfant et adulte,<br \/>\ud83d\udc52 bobs et chapeaux de paille pour affronter le soleil,<br \/>\ud83c\udf90 \u00e9ventails color\u00e9s pour se rafra\u00eechir avec panache,<br \/>\ud83e\uddf2 magnets et autocollants \u00e0 coller partout,<br \/>\u2615 mugs pour vos caf\u00e9s cont\u00e9s du matin,<br \/>\ud83e\udd64 et m\u00eame des porte-gobelets pour garder les mains libres pendant les spectacles.<\/p><p>C\u2019est beau, c\u2019est festif, c\u2019est collector\u2026 et ce sera <strong>uniquement pendant le festival<\/strong> !<br \/>D\u00e8s l&rsquo;ouverture du festival, passez jeter un \u0153il (et craquer un peu, c\u2019est permis) \ud83d\ude09<\/p>\t\t\t\t\t\t\t\t<\/div>\n\t\t\t\t<\/div>\n\t\t\t\t<div class=\"elementor-element elementor-element-f45798d elementor-widget elementor-widget-spacer\" data-id=\"f45798d\" data-element_type=\"widget\" data-e-type=\"widget\" data-widget_type=\"spacer.default\">\n\t\t\t\t<div class=\"elementor-widget-container\">\n\t\t\t\t\t\t\t<div class=\"elementor-spacer\">\n\t\t\t<div class=\"elementor-spacer-inner\"><\/div>\n\t\t<\/div>\n\t\t\t\t\t\t<\/div>\n\t\t\t\t<\/div>\n\t\t\t\t<div class=\"elementor-element elementor-element-aa9684f elementor-widget elementor-widget-heading\" data-id=\"aa9684f\" data-element_type=\"widget\" data-e-type=\"widget\" data-widget_type=\"heading.default\">\n\t\t\t\t<div class=\"elementor-widget-container\">\n\t\t\t\t\t<h2 class=\"elementor-heading-title elementor-size-default\">Contact <\/h2>\t\t\t\t<\/div>\n\t\t\t\t<\/div>\n\t\t\t\t<div class=\"elementor-element elementor-element-8fdd051 elementor-widget elementor-widget-text-editor\" data-id=\"8fdd051\" data-element_type=\"widget\" data-e-type=\"widget\" data-widget_type=\"text-editor.default\">\n\t\t\t\t<div class=\"elementor-widget-container\">\n\t\t\t\t\t\t\t\t\t<p>Mairie &#8211; Pont du Foss\u00e9 &#8211; 05260 Saint-Jean-Saint-Nicolas<\/p><p><a href=\"mailto:billetterie@festivalechodesmots.fr\">billetterie@festivalechodesmots.fr<\/a><\/p><p>ou \u00e0 l&rsquo;Office de tourisme 04 92 55 95 71<\/p>\t\t\t\t\t\t\t\t<\/div>\n\t\t\t\t<\/div>\n\t\t<div class=\"elementor-element elementor-element-baa771e e-con-full e-flex e-con e-child\" data-id=\"baa771e\" data-element_type=\"container\" data-e-type=\"container\">\n\t\t\t\t<div class=\"elementor-element elementor-element-304502b elementor-widget elementor-widget-spacer\" data-id=\"304502b\" data-element_type=\"widget\" data-e-type=\"widget\" data-widget_type=\"spacer.default\">\n\t\t\t\t<div class=\"elementor-widget-container\">\n\t\t\t\t\t\t\t<div class=\"elementor-spacer\">\n\t\t\t<div class=\"elementor-spacer-inner\"><\/div>\n\t\t<\/div>\n\t\t\t\t\t\t<\/div>\n\t\t\t\t<\/div>\n\t\t\t\t<div class=\"elementor-element elementor-element-04ac41d elementor-widget elementor-widget-heading\" data-id=\"04ac41d\" data-element_type=\"widget\" data-e-type=\"widget\" data-widget_type=\"heading.default\">\n\t\t\t\t<div class=\"elementor-widget-container\">\n\t\t\t\t\t<h2 class=\"elementor-heading-title elementor-size-default\">Acc\u00e8s<\/h2>\t\t\t\t<\/div>\n\t\t\t\t<\/div>\n\t\t\t\t<div class=\"elementor-element elementor-element-10e7912 elementor-widget elementor-widget-google_maps\" data-id=\"10e7912\" data-element_type=\"widget\" data-e-type=\"widget\" data-widget_type=\"google_maps.default\">\n\t\t\t\t<div class=\"elementor-widget-container\">\n\t\t\t\t\t\t\t<div class=\"elementor-custom-embed\">\n\t\t\t<iframe loading=\"lazy\"\n\t\t\t\t\tsrc=\"https:\/\/maps.google.com\/maps?q=Parc%20du%20ch%C3%A2telard%2C%2005260%20Saint-jean-saint-nicolas&#038;t=m&#038;z=10&#038;output=embed&#038;iwloc=near\"\n\t\t\t\t\ttitle=\"Parc du ch\u00e2telard, 05260 Saint-jean-saint-nicolas\"\n\t\t\t\t\taria-label=\"Parc du ch\u00e2telard, 05260 Saint-jean-saint-nicolas\"\n\t\t\t><\/iframe>\n\t\t<\/div>\n\t\t\t\t\t\t<\/div>\n\t\t\t\t<\/div>\n\t\t\t\t<div class=\"elementor-element elementor-element-29c24b8 elementor-widget elementor-widget-spacer\" data-id=\"29c24b8\" data-element_type=\"widget\" data-e-type=\"widget\" data-widget_type=\"spacer.default\">\n\t\t\t\t<div class=\"elementor-widget-container\">\n\t\t\t\t\t\t\t<div class=\"elementor-spacer\">\n\t\t\t<div class=\"elementor-spacer-inner\"><\/div>\n\t\t<\/div>\n\t\t\t\t\t\t<\/div>\n\t\t\t\t<\/div>\n\t\t\t\t<div class=\"elementor-element elementor-element-2754ddd elementor-widget elementor-widget-heading\" data-id=\"2754ddd\" data-element_type=\"widget\" data-e-type=\"widget\" data-widget_type=\"heading.default\">\n\t\t\t\t<div class=\"elementor-widget-container\">\n\t\t\t\t\t<h3 class=\"elementor-heading-title elementor-size-default\">Se garer<\/h3>\t\t\t\t<\/div>\n\t\t\t\t<\/div>\n\t\t\t\t<div class=\"elementor-element elementor-element-e97312f elementor-widget elementor-widget-text-editor\" data-id=\"e97312f\" data-element_type=\"widget\" data-e-type=\"widget\" data-widget_type=\"text-editor.default\">\n\t\t\t\t<div class=\"elementor-widget-container\">\n\t\t\t\t\t\t\t\t\t<p>P1 : Mairie<\/p><p>P2 : Mus\u00e9e<\/p><p>P3 : Rue de la Tourn\u00e9e<\/p><p>P4 : Ecole<\/p><p>P5 : La Poste<\/p><p>P6 : CCCV<\/p>\t\t\t\t\t\t\t\t<\/div>\n\t\t\t\t<\/div>\n\t\t\t\t<\/div>\n\t\t\t\t<div class=\"elementor-element elementor-element-b60a916 elementor-widget elementor-widget-spacer\" data-id=\"b60a916\" data-element_type=\"widget\" data-e-type=\"widget\" data-widget_type=\"spacer.default\">\n\t\t\t\t<div class=\"elementor-widget-container\">\n\t\t\t\t\t\t\t<div class=\"elementor-spacer\">\n\t\t\t<div class=\"elementor-spacer-inner\"><\/div>\n\t\t<\/div>\n\t\t\t\t\t\t<\/div>\n\t\t\t\t<\/div>\n\t\t\t\t<div class=\"elementor-element elementor-element-cdba517 elementor-widget elementor-widget-heading\" data-id=\"cdba517\" data-element_type=\"widget\" data-e-type=\"widget\" data-widget_type=\"heading.default\">\n\t\t\t\t<div class=\"elementor-widget-container\">\n\t\t\t\t\t<h2 class=\"elementor-heading-title elementor-size-default\">Pause Repas<\/h2>\t\t\t\t<\/div>\n\t\t\t\t<\/div>\n\t\t\t\t<div class=\"elementor-element elementor-element-1ac6d08 elementor-widget elementor-widget-text-editor\" data-id=\"1ac6d08\" data-element_type=\"widget\" data-e-type=\"widget\" data-widget_type=\"text-editor.default\">\n\t\t\t\t<div class=\"elementor-widget-container\">\n\t\t\t\t\t\t\t\t\t<p>Besoin d\u2019une pause rafra\u00eechissante ou d\u2019un encas pour reprendre de l\u2019\u00e9nergie durant le festival, l\u2019espace buvette et snacking sal\u00e9\/sucr\u00e9 est \u00e0 votre disposition.<\/p><p>Au menu : bi\u00e8res et jus de fruits locaux, boissons originales, planches ap\u00e9ritives, snacking sal\u00e9, cr\u00eapes, glaces, \u2026<\/p><p>Et en compl\u00e9ment, pour vos repas du midi et soir, retrouvez une offre de plats vari\u00e9s, cuisine du monde et r\u00e9gionale au sein de l\u2019espace foodtrucks.<\/p>\t\t\t\t\t\t\t\t<\/div>\n\t\t\t\t<\/div>\n\t\t\t\t\t<\/div>\n\t\t\t\t<\/div>\n\t\t\t\t<\/div>\n\t\t","protected":false},"excerpt":{"rendered":"<p>R\u00e9servez vos billets* \u00e0 partir du 12 Juillet Billetterie en ligne PENDANT LE FESTIVAL Les billets encore disponibles seront en vente au point info\/billetterie de 9h \u00e0 20h30 (et jusqu\u2019\u00e0&#8230;<\/p>\n","protected":false},"author":1,"featured_media":0,"parent":0,"menu_order":0,"comment_status":"closed","ping_status":"closed","template":"","meta":{"_EventAllDay":false,"_EventTimezone":"","_EventStartDate":"","_EventEndDate":"","_EventStartDateUTC":"","_EventEndDateUTC":"","_EventShowMap":false,"_EventShowMapLink":false,"_EventURL":"","_EventCost":"","_EventCostDescription":"","_EventCurrencySymbol":"","_EventCurrencyCode":"","_EventCurrencyPosition":"","_EventDateTimeSeparator":"","_EventTimeRangeSeparator":"","_EventOrganizerID":[],"_EventVenueID":[],"_OrganizerEmail":"","_OrganizerPhone":"","_OrganizerWebsite":"","_VenueAddress":"","_VenueCity":"","_VenueCountry":"","_VenueProvince":"","_VenueState":"","_VenueZip":"","_VenuePhone":"","_VenueURL":"","_VenueStateProvince":"","_VenueLat":"","_VenueLng":"","_VenueShowMap":false,"_VenueShowMapLink":false,"_themeisle_gutenberg_block_has_review":false,"_kad_post_transparent":"","_kad_post_title":"","_kad_post_layout":"","_kad_post_sidebar_id":"","_kad_post_content_style":"","_kad_post_vertical_padding":"","_kad_post_feature":"","_kad_post_feature_position":"","_kad_post_header":false,"_kad_post_footer":false,"_kad_post_classname":"","footnotes":""},"class_list":["post-69","page","type-page","status-publish","hentry"],"yoast_head":"<!-- This site is optimized with the Yoast SEO plugin v27.5 - https:\/\/yoast.com\/product\/yoast-seo-wordpress\/ -->\n<title>Infos - Festival Echo des Mots<\/title>\n<meta name=\"robots\" content=\"index, follow, max-snippet:-1, max-image-preview:large, max-video-preview:-1\" \/>\n<link rel=\"canonical\" href=\"https:\/\/festivalechodesmots.fr\/index.php\/infos\/\" \/>\n<meta property=\"og:locale\" content=\"fr_FR\" \/>\n<meta property=\"og:type\" content=\"article\" \/>\n<meta property=\"og:title\" content=\"Infos - Festival Echo des Mots\" \/>\n<meta property=\"og:description\" content=\"R\u00e9servez vos billets* \u00e0 partir du 12 Juillet Billetterie en ligne PENDANT LE FESTIVAL Les billets encore disponibles seront en vente au point info\/billetterie de 9h \u00e0 20h30 (et jusqu\u2019\u00e0...\" \/>\n<meta property=\"og:url\" content=\"https:\/\/festivalechodesmots.fr\/index.php\/infos\/\" \/>\n<meta property=\"og:site_name\" content=\"Festival Echo des Mots\" \/>\n<meta property=\"article:modified_time\" content=\"2026-04-07T11:59:25+00:00\" \/>\n<meta property=\"og:image\" content=\"https:\/\/festivalechodesmots.fr\/wp-content\/uploads\/elementor\/thumbs\/Logo_CB-1-768x377-1-r5qsixaozbjmwb2a3ddiw7efaym8aykqso7lrvm76k.png\" \/>\n<meta name=\"twitter:card\" content=\"summary_large_image\" \/>\n<meta name=\"twitter:label1\" content=\"Dur\u00e9e de lecture estim\u00e9e\" \/>\n\t<meta name=\"twitter:data1\" content=\"4 minutes\" \/>\n<script type=\"application\/ld+json\" class=\"yoast-schema-graph\">{\"@context\":\"https:\\\/\\\/schema.org\",\"@graph\":[{\"@type\":\"WebPage\",\"@id\":\"https:\\\/\\\/festivalechodesmots.fr\\\/index.php\\\/infos\\\/\",\"url\":\"https:\\\/\\\/festivalechodesmots.fr\\\/index.php\\\/infos\\\/\",\"name\":\"Infos - Festival Echo des Mots\",\"isPartOf\":{\"@id\":\"https:\\\/\\\/festivalechodesmots.fr\\\/#website\"},\"primaryImageOfPage\":{\"@id\":\"https:\\\/\\\/festivalechodesmots.fr\\\/index.php\\\/infos\\\/#primaryimage\"},\"image\":{\"@id\":\"https:\\\/\\\/festivalechodesmots.fr\\\/index.php\\\/infos\\\/#primaryimage\"},\"thumbnailUrl\":\"https:\\\/\\\/festivalechodesmots.fr\\\/wp-content\\\/uploads\\\/elementor\\\/thumbs\\\/Logo_CB-1-768x377-1-r5qsixaozbjmwb2a3ddiw7efaym8aykqso7lrvm76k.png\",\"datePublished\":\"2025-02-20T14:31:28+00:00\",\"dateModified\":\"2026-04-07T11:59:25+00:00\",\"breadcrumb\":{\"@id\":\"https:\\\/\\\/festivalechodesmots.fr\\\/index.php\\\/infos\\\/#breadcrumb\"},\"inLanguage\":\"fr-FR\",\"potentialAction\":[{\"@type\":\"ReadAction\",\"target\":[\"https:\\\/\\\/festivalechodesmots.fr\\\/index.php\\\/infos\\\/\"]}]},{\"@type\":\"ImageObject\",\"inLanguage\":\"fr-FR\",\"@id\":\"https:\\\/\\\/festivalechodesmots.fr\\\/index.php\\\/infos\\\/#primaryimage\",\"url\":\"https:\\\/\\\/festivalechodesmots.fr\\\/wp-content\\\/uploads\\\/elementor\\\/thumbs\\\/Logo_CB-1-768x377-1-r5qsixaozbjmwb2a3ddiw7efaym8aykqso7lrvm76k.png\",\"contentUrl\":\"https:\\\/\\\/festivalechodesmots.fr\\\/wp-content\\\/uploads\\\/elementor\\\/thumbs\\\/Logo_CB-1-768x377-1-r5qsixaozbjmwb2a3ddiw7efaym8aykqso7lrvm76k.png\"},{\"@type\":\"BreadcrumbList\",\"@id\":\"https:\\\/\\\/festivalechodesmots.fr\\\/index.php\\\/infos\\\/#breadcrumb\",\"itemListElement\":[{\"@type\":\"ListItem\",\"position\":1,\"name\":\"Accueil\",\"item\":\"https:\\\/\\\/festivalechodesmots.fr\\\/\"},{\"@type\":\"ListItem\",\"position\":2,\"name\":\"Infos\"}]},{\"@type\":\"WebSite\",\"@id\":\"https:\\\/\\\/festivalechodesmots.fr\\\/#website\",\"url\":\"https:\\\/\\\/festivalechodesmots.fr\\\/\",\"name\":\"Festival Echo des Mots\",\"description\":\"\",\"publisher\":{\"@id\":\"https:\\\/\\\/festivalechodesmots.fr\\\/#organization\"},\"potentialAction\":[{\"@type\":\"SearchAction\",\"target\":{\"@type\":\"EntryPoint\",\"urlTemplate\":\"https:\\\/\\\/festivalechodesmots.fr\\\/?s={search_term_string}\"},\"query-input\":{\"@type\":\"PropertyValueSpecification\",\"valueRequired\":true,\"valueName\":\"search_term_string\"}}],\"inLanguage\":\"fr-FR\"},{\"@type\":\"Organization\",\"@id\":\"https:\\\/\\\/festivalechodesmots.fr\\\/#organization\",\"name\":\"Festival Echo des Mots\",\"url\":\"https:\\\/\\\/festivalechodesmots.fr\\\/\",\"logo\":{\"@type\":\"ImageObject\",\"inLanguage\":\"fr-FR\",\"@id\":\"https:\\\/\\\/festivalechodesmots.fr\\\/#\\\/schema\\\/logo\\\/image\\\/\",\"url\":\"https:\\\/\\\/festivalechodesmots.fr\\\/wp-content\\\/uploads\\\/2025\\\/03\\\/cropped-Logo_Echo_Des_Mots_OK_RVB.png\",\"contentUrl\":\"https:\\\/\\\/festivalechodesmots.fr\\\/wp-content\\\/uploads\\\/2025\\\/03\\\/cropped-Logo_Echo_Des_Mots_OK_RVB.png\",\"width\":512,\"height\":512,\"caption\":\"Festival Echo des Mots\"},\"image\":{\"@id\":\"https:\\\/\\\/festivalechodesmots.fr\\\/#\\\/schema\\\/logo\\\/image\\\/\"}}]}<\/script>\n<!-- \/ Yoast SEO plugin. -->","yoast_head_json":{"title":"Infos - Festival Echo des Mots","robots":{"index":"index","follow":"follow","max-snippet":"max-snippet:-1","max-image-preview":"max-image-preview:large","max-video-preview":"max-video-preview:-1"},"canonical":"https:\/\/festivalechodesmots.fr\/index.php\/infos\/","og_locale":"fr_FR","og_type":"article","og_title":"Infos - Festival Echo des Mots","og_description":"R\u00e9servez vos billets* \u00e0 partir du 12 Juillet Billetterie en ligne PENDANT LE FESTIVAL Les billets encore disponibles seront en vente au point info\/billetterie de 9h \u00e0 20h30 (et jusqu\u2019\u00e0...","og_url":"https:\/\/festivalechodesmots.fr\/index.php\/infos\/","og_site_name":"Festival Echo des Mots","article_modified_time":"2026-04-07T11:59:25+00:00","og_image":[{"url":"https:\/\/festivalechodesmots.fr\/wp-content\/uploads\/elementor\/thumbs\/Logo_CB-1-768x377-1-r5qsixaozbjmwb2a3ddiw7efaym8aykqso7lrvm76k.png","type":"","width":"","height":""}],"twitter_card":"summary_large_image","twitter_misc":{"Dur\u00e9e de lecture estim\u00e9e":"4 minutes"},"schema":{"@context":"https:\/\/schema.org","@graph":[{"@type":"WebPage","@id":"https:\/\/festivalechodesmots.fr\/index.php\/infos\/","url":"https:\/\/festivalechodesmots.fr\/index.php\/infos\/","name":"Infos - Festival Echo des Mots","isPartOf":{"@id":"https:\/\/festivalechodesmots.fr\/#website"},"primaryImageOfPage":{"@id":"https:\/\/festivalechodesmots.fr\/index.php\/infos\/#primaryimage"},"image":{"@id":"https:\/\/festivalechodesmots.fr\/index.php\/infos\/#primaryimage"},"thumbnailUrl":"https:\/\/festivalechodesmots.fr\/wp-content\/uploads\/elementor\/thumbs\/Logo_CB-1-768x377-1-r5qsixaozbjmwb2a3ddiw7efaym8aykqso7lrvm76k.png","datePublished":"2025-02-20T14:31:28+00:00","dateModified":"2026-04-07T11:59:25+00:00","breadcrumb":{"@id":"https:\/\/festivalechodesmots.fr\/index.php\/infos\/#breadcrumb"},"inLanguage":"fr-FR","potentialAction":[{"@type":"ReadAction","target":["https:\/\/festivalechodesmots.fr\/index.php\/infos\/"]}]},{"@type":"ImageObject","inLanguage":"fr-FR","@id":"https:\/\/festivalechodesmots.fr\/index.php\/infos\/#primaryimage","url":"https:\/\/festivalechodesmots.fr\/wp-content\/uploads\/elementor\/thumbs\/Logo_CB-1-768x377-1-r5qsixaozbjmwb2a3ddiw7efaym8aykqso7lrvm76k.png","contentUrl":"https:\/\/festivalechodesmots.fr\/wp-content\/uploads\/elementor\/thumbs\/Logo_CB-1-768x377-1-r5qsixaozbjmwb2a3ddiw7efaym8aykqso7lrvm76k.png"},{"@type":"BreadcrumbList","@id":"https:\/\/festivalechodesmots.fr\/index.php\/infos\/#breadcrumb","itemListElement":[{"@type":"ListItem","position":1,"name":"Accueil","item":"https:\/\/festivalechodesmots.fr\/"},{"@type":"ListItem","position":2,"name":"Infos"}]},{"@type":"WebSite","@id":"https:\/\/festivalechodesmots.fr\/#website","url":"https:\/\/festivalechodesmots.fr\/","name":"Festival Echo des Mots","description":"","publisher":{"@id":"https:\/\/festivalechodesmots.fr\/#organization"},"potentialAction":[{"@type":"SearchAction","target":{"@type":"EntryPoint","urlTemplate":"https:\/\/festivalechodesmots.fr\/?s={search_term_string}"},"query-input":{"@type":"PropertyValueSpecification","valueRequired":true,"valueName":"search_term_string"}}],"inLanguage":"fr-FR"},{"@type":"Organization","@id":"https:\/\/festivalechodesmots.fr\/#organization","name":"Festival Echo des Mots","url":"https:\/\/festivalechodesmots.fr\/","logo":{"@type":"ImageObject","inLanguage":"fr-FR","@id":"https:\/\/festivalechodesmots.fr\/#\/schema\/logo\/image\/","url":"https:\/\/festivalechodesmots.fr\/wp-content\/uploads\/2025\/03\/cropped-Logo_Echo_Des_Mots_OK_RVB.png","contentUrl":"https:\/\/festivalechodesmots.fr\/wp-content\/uploads\/2025\/03\/cropped-Logo_Echo_Des_Mots_OK_RVB.png","width":512,"height":512,"caption":"Festival Echo des Mots"},"image":{"@id":"https:\/\/festivalechodesmots.fr\/#\/schema\/logo\/image\/"}}]}},"_links":{"self":[{"href":"https:\/\/festivalechodesmots.fr\/index.php\/wp-json\/wp\/v2\/pages\/69","targetHints":{"allow":["GET"]}}],"collection":[{"href":"https:\/\/festivalechodesmots.fr\/index.php\/wp-json\/wp\/v2\/pages"}],"about":[{"href":"https:\/\/festivalechodesmots.fr\/index.php\/wp-json\/wp\/v2\/types\/page"}],"author":[{"embeddable":true,"href":"https:\/\/festivalechodesmots.fr\/index.php\/wp-json\/wp\/v2\/users\/1"}],"replies":[{"embeddable":true,"href":"https:\/\/festivalechodesmots.fr\/index.php\/wp-json\/wp\/v2\/comments?post=69"}],"version-history":[{"count":46,"href":"https:\/\/festivalechodesmots.fr\/index.php\/wp-json\/wp\/v2\/pages\/69\/revisions"}],"predecessor-version":[{"id":2106,"href":"https:\/\/festivalechodesmots.fr\/index.php\/wp-json\/wp\/v2\/pages\/69\/revisions\/2106"}],"wp:attachment":[{"href":"https:\/\/festivalechodesmots.fr\/index.php\/wp-json\/wp\/v2\/media?parent=69"}],"curies":[{"name":"wp","href":"https:\/\/api.w.org\/{rel}","templated":true}]}}